{"id":205,"date":"2023-03-24T19:22:13","date_gmt":"2023-03-24T18:22:13","guid":{"rendered":"http:\/\/185.47.222.58\/iotg\/?page_id=205"},"modified":"2023-04-04T23:28:47","modified_gmt":"2023-04-04T21:28:47","slug":"maintenance","status":"publish","type":"page","link":"http:\/\/185.47.222.58\/iotg\/maintenance\/","title":{"rendered":"Maintenance"},"content":{"rendered":"<section class=\"l-section wpb_row us_custom_eb849559 height_medium full_height valign_center\"><div class=\"l-section-h i-cf\"><div class=\"g-cols vc_row via_flex valign_middle type_default stacking_default\"><div class=\"vc_col-sm-12 wpb_column vc_column_container\"><div class=\"vc_column-inner\"><div class=\"wpb_wrapper\"><div class=\"w-image align_center\"><div class=\"w-image-h\"><img width=\"150\" height=\"150\" src=\"http:\/\/185.47.222.58\/iotg\/wp-content\/uploads\/2023\/03\/iot-icon-150x150.png\" class=\"attachment-thumbnail size-thumbnail\" alt=\"\" decoding=\"async\" loading=\"lazy\" srcset=\"http:\/\/185.47.222.58\/iotg\/wp-content\/uploads\/2023\/03\/iot-icon-150x150.png 150w, http:\/\/185.47.222.58\/iotg\/wp-content\/uploads\/2023\/03\/iot-icon-300x300.png 300w, http:\/\/185.47.222.58\/iotg\/wp-content\/uploads\/2023\/03\/iot-icon.png 514w\" sizes=\"(max-width: 150px) 100vw, 150px\" \/><\/div><\/div><div class=\"w-separator size_small\"><\/div><div class=\"w-text\"><span class=\"w-text-h\"><span class=\"w-text-value\">Pr\u00e1v\u011b prob\u00edh\u00e1 aktualizace<\/span><\/span><\/div><\/div><\/div><\/div><\/div><\/div><\/section>\n","protected":false},"excerpt":{"rendered":"Pr\u00e1v\u011b prob\u00edh\u00e1 aktualizace","protected":false},"author":1,"featured_media":0,"parent":0,"menu_order":0,"comment_status":"closed","ping_status":"closed","template":"","meta":{"inline_featured_image":false},"acf":[],"_links":{"self":[{"href":"http:\/\/185.47.222.58\/iotg\/wp-json\/wp\/v2\/pages\/205"}],"collection":[{"href":"http:\/\/185.47.222.58\/iotg\/wp-json\/wp\/v2\/pages"}],"about":[{"href":"http:\/\/185.47.222.58\/iotg\/wp-json\/wp\/v2\/types\/page"}],"author":[{"embeddable":true,"href":"http:\/\/185.47.222.58\/iotg\/wp-json\/wp\/v2\/users\/1"}],"replies":[{"embeddable":true,"href":"http:\/\/185.47.222.58\/iotg\/wp-json\/wp\/v2\/comments?post=205"}],"version-history":[{"count":2,"href":"http:\/\/185.47.222.58\/iotg\/wp-json\/wp\/v2\/pages\/205\/revisions"}],"predecessor-version":[{"id":207,"href":"http:\/\/185.47.222.58\/iotg\/wp-json\/wp\/v2\/pages\/205\/revisions\/207"}],"wp:attachment":[{"href":"http:\/\/185.47.222.58\/iotg\/wp-json\/wp\/v2\/media?parent=205"}],"curies":[{"name":"wp","href":"https:\/\/api.w.org\/{rel}","templated":true}]}}